{"id":3081,"date":"2021-01-07T15:12:02","date_gmt":"2021-01-07T15:12:02","guid":{"rendered":"http:\/\/heinzjulen.com\/shopB\/?page_id=3081"},"modified":"2024-06-09T14:51:08","modified_gmt":"2024-06-09T12:51:08","slug":"impressum","status":"publish","type":"page","link":"https:\/\/www.heinzjulen.com\/shop\/about\/impressum\/","title":{"rendered":"Impressum"},"content":{"rendered":"<div class=\"wpb-content-wrapper\"><p>[vc_row css=&#8221;.vc_custom_1610036219551{background-color: rgba(181,181,181,0.6) !important;*background-color: rgb(181,181,181) !important;}&#8221;][vc_column][vc_column_text]<\/p>\n<h2>Kontaktadresse<\/h2>\n<p>Zermatt Selection<br \/>\nBahnhofstrasse 7B<br \/>\n3920 Zermatt<br \/>\nSwitzerland<br \/>\nshop@heinzjulen.com<br \/>\n0279677177<\/p>\n<h2>Vertretungsberechtigte Personen<\/h2>\n<p>Heinz Julen, Creative Director<\/p>\n<h2>Handelsregistereintrag<\/h2>\n<p>Eingetragener Firmenname: Zermatt Selection<br \/>\nNummer: CHE-113.432.912<\/p>\n<h2>Mehrwertsteuernummer<\/h2>\n<p>CHE-113.432.912<\/p>\n<h2>Haftungsausschluss<\/h2>\n<p>Der Autor \u00fcbernimmt keinerlei Gew\u00e4hr hinsichtlich der inhaltlichen Richtigkeit, Genauigkeit, Aktualit\u00e4t, Zuverl\u00e4ssigkeit und Vollst\u00e4ndigkeit der Informationen. Haftungsanspr\u00fcche gegen den Autor wegen Sch\u00e4den materieller oder immaterieller Art, welche aus dem Zugriff oder der Nutzung bzw. Nichtnutzung der ver\u00f6ffentlichten Informationen, durch Missbrauch der Verbindung oder durch technische St\u00f6rungen entstanden sind, werden ausgeschlossen. Alle Angebote sind unverbindlich. Der Autor beh\u00e4lt es sich ausdr\u00fccklich vor, Teile der Seiten oder das gesamte Angebot ohne gesonderte Ank\u00fcndigung zu ver\u00e4ndern, zu erg\u00e4nzen, zu l\u00f6schen oder die Ver\u00f6ffentlichung zeitweise oder endg\u00fcltig einzustellen.<\/p>\n<h2>Haftung f\u00fcr Links<\/h2>\n<p>Verweise und Links auf Webseiten Dritter liegen ausserhalb unseres Verantwortungsbereichs Es wird jegliche Verantwortung f\u00fcr solche Webseiten abgelehnt. Der Zugriff und die Nutzung solcher Webseiten erfolgen auf eigene Gefahr des Nutzers oder der Nutzerin.<\/p>\n<h2>Urheberrechte<\/h2>\n<p>Die Urheber- und alle anderen Rechte an Inhalten, Bildern, Fotos oder anderen Dateien auf der Website geh\u00f6ren ausschliesslich der Firma Zermatt Selection oder den speziell genannten Rechtsinhabern. F\u00fcr die Reproduktion jeglicher Elemente ist die schriftliche Zustimmung der Urheberrechtstr\u00e4ger im Voraus einzuholen.<\/p>\n<h2>Quelle<\/h2>\n<p>Dieses Impressum wurde am 7.01.2021 mit dem Impressum Generator der Webdesign Agentur <a href=\"https:\/\/webkoenig.ch\/\" target=\"_blank\" rel=\"noopener\">Webk\u00f6nig<\/a> erstellt. Die Agentur Webk\u00f6nig \u00fcbernimmt keine Haftung.[\/vc_column_text][\/vc_column][\/vc_row][vc_row][vc_column][vc_empty_space height=&#8221;50px&#8221;][\/vc_column][\/vc_row]<\/p>\n<\/div>","protected":false},"excerpt":{"rendered":"<p>[vc_row css=&#8221;.vc_custom_1610036219551{background-color: rgba(181,181,181,0.6) !important;*background-color: rgb(181,181,181) !important;}&#8221;][vc_column][vc_column_text] Kontaktadresse Zermatt Selection Bahnhofstrasse 7B 3920 Zermatt Switzerland shop@heinzjulen.com 0279677177 Vertretungsberechtigte Personen Heinz Julen, Creative Director Handelsregistereintrag Eingetragener Firmenname: Zermatt Selection Nummer: CHE-113.432.912 Mehrwertsteuernummer CHE-113.432.912 Haftungsausschluss Der Autor \u00fcbernimmt keinerlei Gew\u00e4hr hinsichtlich der inhaltlichen Richtigkeit, Genauigkeit, Aktualit\u00e4t, Zuverl\u00e4ssigkeit und Vollst\u00e4ndigkeit der Informationen. Haftungsanspr\u00fcche gegen den Autor wegen Sch\u00e4den materieller [&hellip;]<\/p>\n","protected":false},"author":2,"featured_media":0,"parent":91,"menu_order":0,"comment_status":"closed","ping_status":"closed","template":"","meta":{"site-sidebar-layout":"no-sidebar","site-content-layout":"plain-container","ast-site-content-layout":"","site-content-style":"default","site-sidebar-style":"default","ast-global-header-display":"","ast-banner-title-visibility":"","ast-main-header-display":"","ast-hfb-above-header-display":"","ast-hfb-below-header-display":"","ast-hfb-mobile-header-display":"","site-post-title":"","ast-breadcrumbs-content":"","ast-featured-img":"disabled","footer-sml-layout":"","theme-transparent-header-meta":"default","adv-header-id-meta":"","stick-header-meta":"","header-above-stick-meta":"","header-main-stick-meta":"","header-below-stick-meta":"","astra-migrate-meta-layouts":"default","ast-page-background-enabled":"default","ast-page-background-meta":{"desktop":{"background-color":"","background-image":"","background-repeat":"repeat","background-position":"center center","background-size":"auto","background-attachment":"scroll","background-type":"","background-media":"","overlay-type":"","overlay-color":"","overlay-opacity":"","overlay-gradient":""},"tablet":{"background-color":"","background-image":"","background-repeat":"repeat","background-position":"center center","background-size":"auto","background-attachment":"scroll","background-type":"","background-media":"","overlay-type":"","overlay-color":"","overlay-opacity":"","overlay-gradient":""},"mobile":{"background-color":"","background-image":"","background-repeat":"repeat","background-position":"center center","background-size":"auto","background-attachment":"scroll","background-type":"","background-media":"","overlay-type":"","overlay-color":"","overlay-opacity":"","overlay-gradient":""}},"ast-content-background-meta":{"desktop":{"background-color":"var(--ast-global-color-5)","background-image":"","background-repeat":"repeat","background-position":"center center","background-size":"auto","background-attachment":"scroll","background-type":"","background-media":"","overlay-type":"","overlay-color":"","overlay-opacity":"","overlay-gradient":""},"tablet":{"background-color":"var(--ast-global-color-5)","background-image":"","background-repeat":"repeat","background-position":"center center","background-size":"auto","background-attachment":"scroll","background-type":"","background-media":"","overlay-type":"","overlay-color":"","overlay-opacity":"","overlay-gradient":""},"mobile":{"background-color":"var(--ast-global-color-5)","background-image":"","background-repeat":"repeat","background-position":"center center","background-size":"auto","background-attachment":"scroll","background-type":"","background-media":"","overlay-type":"","overlay-color":"","overlay-opacity":"","overlay-gradient":""}},"footnotes":""},"class_list":["post-3081","page","type-page","status-publish","hentry"],"yoast_head":"<!-- This site is optimized with the Yoast SEO plugin v23.6 - https:\/\/yoast.com\/wordpress\/plugins\/seo\/ -->\n<title>Impressum - Heinz Julen SHOP @ Zermatt Selection<\/title>\n<meta name=\"description\" content=\"Handmade furniture with Swiss quality. Designed by Heinz Julen and produced at our atelier-studio in Zermatt. Worldwide delivery.\" \/>\n<meta name=\"robots\" content=\"index, follow, max-snippet:-1, max-image-preview:large, max-video-preview:-1\" \/>\n<link rel=\"canonical\" href=\"https:\/\/www.heinzjulen.com\/shop\/about\/impressum\/\" \/>\n<meta property=\"og:locale\" content=\"en_GB\" \/>\n<meta property=\"og:type\" content=\"article\" \/>\n<meta property=\"og:title\" content=\"Impressum - Heinz Julen SHOP @ Zermatt Selection\" \/>\n<meta property=\"og:description\" content=\"Handmade furniture with Swiss quality. Designed by Heinz Julen and produced at our atelier-studio in Zermatt. Worldwide delivery.\" \/>\n<meta property=\"og:url\" content=\"https:\/\/www.heinzjulen.com\/shop\/about\/impressum\/\" \/>\n<meta property=\"og:site_name\" content=\"SHOP\" \/>\n<meta property=\"article:modified_time\" content=\"2024-06-09T12:51:08+00:00\" \/>\n<meta name=\"twitter:card\" content=\"summary_large_image\" \/>\n<meta name=\"twitter:label1\" content=\"Estimated reading time\" \/>\n\t<meta name=\"twitter:data1\" content=\"1 minute\" \/>\n<script type=\"application\/ld+json\" class=\"yoast-schema-graph\">{\"@context\":\"https:\/\/schema.org\",\"@graph\":[{\"@type\":\"WebPage\",\"@id\":\"https:\/\/www.heinzjulen.com\/shop\/about\/impressum\/\",\"url\":\"https:\/\/www.heinzjulen.com\/shop\/about\/impressum\/\",\"name\":\"Impressum - Heinz Julen SHOP @ Zermatt Selection\",\"isPartOf\":{\"@id\":\"https:\/\/www.heinzjulen.com\/shop\/#website\"},\"datePublished\":\"2021-01-07T15:12:02+00:00\",\"dateModified\":\"2024-06-09T12:51:08+00:00\",\"description\":\"Handmade furniture with Swiss quality. Designed by Heinz Julen and produced at our atelier-studio in Zermatt. Worldwide delivery.\",\"breadcrumb\":{\"@id\":\"https:\/\/www.heinzjulen.com\/shop\/about\/impressum\/#breadcrumb\"},\"inLanguage\":\"en-GB\",\"potentialAction\":[{\"@type\":\"ReadAction\",\"target\":[\"https:\/\/www.heinzjulen.com\/shop\/about\/impressum\/\"]}]},{\"@type\":\"BreadcrumbList\",\"@id\":\"https:\/\/www.heinzjulen.com\/shop\/about\/impressum\/#breadcrumb\",\"itemListElement\":[{\"@type\":\"ListItem\",\"position\":1,\"name\":\"Home\",\"item\":\"https:\/\/www.heinzjulen.com\/shop\/\"},{\"@type\":\"ListItem\",\"position\":2,\"name\":\"Heinz Julen Shop\",\"item\":\"https:\/\/www.heinzjulen.com\/shop\/about\/\"},{\"@type\":\"ListItem\",\"position\":3,\"name\":\"Impressum\"}]},{\"@type\":\"WebSite\",\"@id\":\"https:\/\/www.heinzjulen.com\/shop\/#website\",\"url\":\"https:\/\/www.heinzjulen.com\/shop\/\",\"name\":\"SHOP\",\"description\":\"by Zermatt Selection\",\"publisher\":{\"@id\":\"https:\/\/www.heinzjulen.com\/shop\/#organization\"},\"potentialAction\":[{\"@type\":\"SearchAction\",\"target\":{\"@type\":\"EntryPoint\",\"urlTemplate\":\"https:\/\/www.heinzjulen.com\/shop\/?s={search_term_string}\"},\"query-input\":{\"@type\":\"PropertyValueSpecification\",\"valueRequired\":true,\"valueName\":\"search_term_string\"}}],\"inLanguage\":\"en-GB\"},{\"@type\":\"Organization\",\"@id\":\"https:\/\/www.heinzjulen.com\/shop\/#organization\",\"name\":\"SHOP\",\"url\":\"https:\/\/www.heinzjulen.com\/shop\/\",\"logo\":{\"@type\":\"ImageObject\",\"inLanguage\":\"en-GB\",\"@id\":\"https:\/\/www.heinzjulen.com\/shop\/#\/schema\/logo\/image\/\",\"url\":\"https:\/\/www.heinzjulen.com\/shop\/wp-content\/uploads\/2015\/05\/sig_and_icon.png\",\"contentUrl\":\"https:\/\/www.heinzjulen.com\/shop\/wp-content\/uploads\/2015\/05\/sig_and_icon.png\",\"width\":344,\"height\":120,\"caption\":\"SHOP\"},\"image\":{\"@id\":\"https:\/\/www.heinzjulen.com\/shop\/#\/schema\/logo\/image\/\"}}]}<\/script>\n<!-- \/ Yoast SEO plugin. -->","yoast_head_json":{"title":"Impressum - Heinz Julen SHOP @ Zermatt Selection","description":"Handmade furniture with Swiss quality. Designed by Heinz Julen and produced at our atelier-studio in Zermatt. Worldwide delivery.","robots":{"index":"index","follow":"follow","max-snippet":"max-snippet:-1","max-image-preview":"max-image-preview:large","max-video-preview":"max-video-preview:-1"},"canonical":"https:\/\/www.heinzjulen.com\/shop\/about\/impressum\/","og_locale":"en_GB","og_type":"article","og_title":"Impressum - Heinz Julen SHOP @ Zermatt Selection","og_description":"Handmade furniture with Swiss quality. Designed by Heinz Julen and produced at our atelier-studio in Zermatt. Worldwide delivery.","og_url":"https:\/\/www.heinzjulen.com\/shop\/about\/impressum\/","og_site_name":"SHOP","article_modified_time":"2024-06-09T12:51:08+00:00","twitter_card":"summary_large_image","twitter_misc":{"Estimated reading time":"1 minute"},"schema":{"@context":"https:\/\/schema.org","@graph":[{"@type":"WebPage","@id":"https:\/\/www.heinzjulen.com\/shop\/about\/impressum\/","url":"https:\/\/www.heinzjulen.com\/shop\/about\/impressum\/","name":"Impressum - Heinz Julen SHOP @ Zermatt Selection","isPartOf":{"@id":"https:\/\/www.heinzjulen.com\/shop\/#website"},"datePublished":"2021-01-07T15:12:02+00:00","dateModified":"2024-06-09T12:51:08+00:00","description":"Handmade furniture with Swiss quality. Designed by Heinz Julen and produced at our atelier-studio in Zermatt. Worldwide delivery.","breadcrumb":{"@id":"https:\/\/www.heinzjulen.com\/shop\/about\/impressum\/#breadcrumb"},"inLanguage":"en-GB","potentialAction":[{"@type":"ReadAction","target":["https:\/\/www.heinzjulen.com\/shop\/about\/impressum\/"]}]},{"@type":"BreadcrumbList","@id":"https:\/\/www.heinzjulen.com\/shop\/about\/impressum\/#breadcrumb","itemListElement":[{"@type":"ListItem","position":1,"name":"Home","item":"https:\/\/www.heinzjulen.com\/shop\/"},{"@type":"ListItem","position":2,"name":"Heinz Julen Shop","item":"https:\/\/www.heinzjulen.com\/shop\/about\/"},{"@type":"ListItem","position":3,"name":"Impressum"}]},{"@type":"WebSite","@id":"https:\/\/www.heinzjulen.com\/shop\/#website","url":"https:\/\/www.heinzjulen.com\/shop\/","name":"SHOP","description":"by Zermatt Selection","publisher":{"@id":"https:\/\/www.heinzjulen.com\/shop\/#organization"},"potentialAction":[{"@type":"SearchAction","target":{"@type":"EntryPoint","urlTemplate":"https:\/\/www.heinzjulen.com\/shop\/?s={search_term_string}"},"query-input":{"@type":"PropertyValueSpecification","valueRequired":true,"valueName":"search_term_string"}}],"inLanguage":"en-GB"},{"@type":"Organization","@id":"https:\/\/www.heinzjulen.com\/shop\/#organization","name":"SHOP","url":"https:\/\/www.heinzjulen.com\/shop\/","logo":{"@type":"ImageObject","inLanguage":"en-GB","@id":"https:\/\/www.heinzjulen.com\/shop\/#\/schema\/logo\/image\/","url":"https:\/\/www.heinzjulen.com\/shop\/wp-content\/uploads\/2015\/05\/sig_and_icon.png","contentUrl":"https:\/\/www.heinzjulen.com\/shop\/wp-content\/uploads\/2015\/05\/sig_and_icon.png","width":344,"height":120,"caption":"SHOP"},"image":{"@id":"https:\/\/www.heinzjulen.com\/shop\/#\/schema\/logo\/image\/"}}]}},"jetpack_sharing_enabled":true,"jetpack_shortlink":"https:\/\/wp.me\/Pcz2Y1-NH","_links":{"self":[{"href":"https:\/\/www.heinzjulen.com\/shop\/wp-json\/wp\/v2\/pages\/3081"}],"collection":[{"href":"https:\/\/www.heinzjulen.com\/shop\/wp-json\/wp\/v2\/pages"}],"about":[{"href":"https:\/\/www.heinzjulen.com\/shop\/wp-json\/wp\/v2\/types\/page"}],"author":[{"embeddable":true,"href":"https:\/\/www.heinzjulen.com\/shop\/wp-json\/wp\/v2\/users\/2"}],"replies":[{"embeddable":true,"href":"https:\/\/www.heinzjulen.com\/shop\/wp-json\/wp\/v2\/comments?post=3081"}],"version-history":[{"count":4,"href":"https:\/\/www.heinzjulen.com\/shop\/wp-json\/wp\/v2\/pages\/3081\/revisions"}],"predecessor-version":[{"id":9189,"href":"https:\/\/www.heinzjulen.com\/shop\/wp-json\/wp\/v2\/pages\/3081\/revisions\/9189"}],"up":[{"embeddable":true,"href":"https:\/\/www.heinzjulen.com\/shop\/wp-json\/wp\/v2\/pages\/91"}],"wp:attachment":[{"href":"https:\/\/www.heinzjulen.com\/shop\/wp-json\/wp\/v2\/media?parent=3081"}],"curies":[{"name":"wp","href":"https:\/\/api.w.org\/{rel}","templated":true}]}}