{"id":229,"date":"2015-06-30T09:50:47","date_gmt":"2015-06-30T08:50:47","guid":{"rendered":"http:\/\/heinzjulen.com\/de\/?page_id=229"},"modified":"2021-02-04T19:52:02","modified_gmt":"2021-02-04T19:52:02","slug":"events","status":"publish","type":"page","link":"https:\/\/www.heinzjulen.com\/de\/biography\/events\/","title":{"rendered":"Events"},"content":{"rendered":"<p><img decoding=\"async\" loading=\"lazy\" class=\"alignnone wp-image-270 size-full\" src=\"https:\/\/heinzjulen.com\/de\/biography\/wp-content\/uploads\/2015\/07\/heinz_julen_fly_event_header.jpg\" alt=\"heinz_julen_fly_event_header\" width=\"1920\" height=\"371\" srcset=\"https:\/\/www.heinzjulen.com\/de\/biography\/wp-content\/uploads\/2015\/07\/heinz_julen_fly_event_header.jpg 1920w, https:\/\/www.heinzjulen.com\/de\/biography\/wp-content\/uploads\/2015\/07\/heinz_julen_fly_event_header-300x58.jpg 300w, https:\/\/www.heinzjulen.com\/de\/biography\/wp-content\/uploads\/2015\/07\/heinz_julen_fly_event_header-1024x198.jpg 1024w, https:\/\/www.heinzjulen.com\/de\/biography\/wp-content\/uploads\/2015\/07\/heinz_julen_fly_event_header-540x104.jpg 540w, https:\/\/www.heinzjulen.com\/de\/biography\/wp-content\/uploads\/2015\/07\/heinz_julen_fly_event_header-1100x213.jpg 1100w, https:\/\/www.heinzjulen.com\/de\/biography\/wp-content\/uploads\/2015\/07\/heinz_julen_fly_event_header-800x155.jpg 800w\" sizes=\"(max-width: 1920px) 100vw, 1920px\" \/><\/p>\n<div class=\"column-section \" ><div class='content-column one_third'><h5>Pop up Shop<div class=\"seperator size-full height-1px\"><span><\/span><\/div><\/h5>\n<p>In diesem Sommer l\u00e4d Heinz Julen ein bei einem k\u00fchlen Drink oder Kaffe und Kuchen das neue Backstage luxury Loft von innen zu besichtigen. In der sommerw\u00e4hrendem Pop-Up Bar \/ Shop k\u00f6nnen Sie sich auch weitere Machwerke aus dem Hause Julen zeigen\u00a0und beraten lassen und ebenso erwerben.<\/p>\n<p style=\"text-align: center;\"><\/div><div class='content-column one_third'><h5>Fly me to the Matterhorn<\/h5>\n<div class=\"seperator size-full height-1px\"><span><\/span><\/div>\n<p>Das Event Fly me to the Matterhorn entstand in einer Zusammenarbeit mit den Damen von Lace-it-cya welche mit der Amerikanischen K\u00fcnstlerin eine Hotpants Kollektion zum Anlass des 150 J\u00e4hrigen Jubileums der Erstbesteigung des Matterhorns entwarfen.Der Anteil des K\u00fcnstlers Heinz Julen ist es hierbei,\u00a0die\u00a0Schmetterlingswand an die Damenwelt und all jene die nicht gewillt sind auf das Horn zu steigen zu widmen. In einem Jubileum das sehr von maskulinit\u00e4t gepr\u00e4gt ist m\u00f6chte er all jenen Fl\u00fcgel verleihen um auf seine weise hoch hinaus zu fliegen.<\/p><\/div><div class='content-column one_third last_column'><h5>Pop Up Bar<\/h5>\n<div class=\"seperator size-full height-1px\"><span><\/span><\/div>\n<p>Wir freuen uns Sie bei uns willkommen zu heissen bei sch\u00f6ner Musik, leckeren Drinks und feinster Atmosoph\u00e4re im Backstage Luxury Loft.<\/p>\n<p>75 Oberdorfstrasse, Zermatt.<\/p><\/div><div class='clear_column'><\/div><\/div>\n<p><\/br><br \/>\n<\/br><\/p>\n","protected":false},"excerpt":{"rendered":"","protected":false},"author":2,"featured_media":0,"parent":0,"menu_order":0,"comment_status":"open","ping_status":"open","template":"","meta":[],"yoast_head":"<!-- This site is optimized with the Yoast SEO plugin v20.6 - https:\/\/yoast.com\/wordpress\/plugins\/seo\/ -->\n<title>Events - Heinz Julen - Artist, Architect &amp; Designer<\/title>\n<meta name=\"robots\" content=\"index, follow, max-snippet:-1, max-image-preview:large, max-video-preview:-1\" \/>\n<link rel=\"canonical\" href=\"https:\/\/www.heinzjulen.com\/de\/biography\/events\/\" \/>\n<meta property=\"og:locale\" content=\"en_GB\" \/>\n<meta property=\"og:type\" content=\"article\" \/>\n<meta property=\"og:title\" content=\"Events - Heinz Julen - Artist, Architect &amp; Designer\" \/>\n<meta property=\"og:url\" content=\"https:\/\/www.heinzjulen.com\/de\/biography\/events\/\" \/>\n<meta property=\"og:site_name\" content=\"Heinz Julen - Artist, Architect &amp; Designer\" \/>\n<meta property=\"article:modified_time\" content=\"2021-02-04T19:52:02+00:00\" \/>\n<meta property=\"og:image\" content=\"https:\/\/heinzjulen.com\/de\/biography\/wp-content\/uploads\/2015\/07\/heinz_julen_fly_event_header.jpg\" \/>\n<meta name=\"twitter:card\" content=\"summary_large_image\" \/>\n<meta name=\"twitter:label1\" content=\"Estimated reading time\" \/>\n\t<meta name=\"twitter:data1\" content=\"1 minute\" \/>\n<script type=\"application\/ld+json\" class=\"yoast-schema-graph\">{\"@context\":\"https:\/\/schema.org\",\"@graph\":[{\"@type\":\"WebPage\",\"@id\":\"https:\/\/www.heinzjulen.com\/de\/biography\/events\/\",\"url\":\"https:\/\/www.heinzjulen.com\/de\/biography\/events\/\",\"name\":\"Events - Heinz Julen - Artist, Architect &amp; Designer\",\"isPartOf\":{\"@id\":\"https:\/\/www.heinzjulen.com\/de\/biography\/#website\"},\"datePublished\":\"2015-06-30T08:50:47+00:00\",\"dateModified\":\"2021-02-04T19:52:02+00:00\",\"breadcrumb\":{\"@id\":\"https:\/\/www.heinzjulen.com\/de\/biography\/events\/#breadcrumb\"},\"inLanguage\":\"en-GB\",\"potentialAction\":[{\"@type\":\"ReadAction\",\"target\":[\"https:\/\/www.heinzjulen.com\/de\/biography\/events\/\"]}]},{\"@type\":\"BreadcrumbList\",\"@id\":\"https:\/\/www.heinzjulen.com\/de\/biography\/events\/#breadcrumb\",\"itemListElement\":[{\"@type\":\"ListItem\",\"position\":1,\"name\":\"Home\",\"item\":\"https:\/\/www.heinzjulen.com\/de\/biography\/\"},{\"@type\":\"ListItem\",\"position\":2,\"name\":\"Events\"}]},{\"@type\":\"WebSite\",\"@id\":\"https:\/\/www.heinzjulen.com\/de\/biography\/#website\",\"url\":\"https:\/\/www.heinzjulen.com\/de\/biography\/\",\"name\":\"Heinz Julen - Artist, Architect &amp; Designer\",\"description\":\"\",\"potentialAction\":[{\"@type\":\"SearchAction\",\"target\":{\"@type\":\"EntryPoint\",\"urlTemplate\":\"https:\/\/www.heinzjulen.com\/de\/biography\/?s={search_term_string}\"},\"query-input\":\"required name=search_term_string\"}],\"inLanguage\":\"en-GB\"}]}<\/script>\n<!-- \/ Yoast SEO plugin. -->","yoast_head_json":{"title":"Events - Heinz Julen - Artist, Architect &amp; Designer","robots":{"index":"index","follow":"follow","max-snippet":"max-snippet:-1","max-image-preview":"max-image-preview:large","max-video-preview":"max-video-preview:-1"},"canonical":"https:\/\/www.heinzjulen.com\/de\/biography\/events\/","og_locale":"en_GB","og_type":"article","og_title":"Events - Heinz Julen - Artist, Architect &amp; Designer","og_url":"https:\/\/www.heinzjulen.com\/de\/biography\/events\/","og_site_name":"Heinz Julen - Artist, Architect &amp; Designer","article_modified_time":"2021-02-04T19:52:02+00:00","og_image":[{"url":"https:\/\/heinzjulen.com\/de\/biography\/wp-content\/uploads\/2015\/07\/heinz_julen_fly_event_header.jpg"}],"twitter_card":"summary_large_image","twitter_misc":{"Estimated reading time":"1 minute"},"schema":{"@context":"https:\/\/schema.org","@graph":[{"@type":"WebPage","@id":"https:\/\/www.heinzjulen.com\/de\/biography\/events\/","url":"https:\/\/www.heinzjulen.com\/de\/biography\/events\/","name":"Events - Heinz Julen - Artist, Architect &amp; Designer","isPartOf":{"@id":"https:\/\/www.heinzjulen.com\/de\/biography\/#website"},"datePublished":"2015-06-30T08:50:47+00:00","dateModified":"2021-02-04T19:52:02+00:00","breadcrumb":{"@id":"https:\/\/www.heinzjulen.com\/de\/biography\/events\/#breadcrumb"},"inLanguage":"en-GB","potentialAction":[{"@type":"ReadAction","target":["https:\/\/www.heinzjulen.com\/de\/biography\/events\/"]}]},{"@type":"BreadcrumbList","@id":"https:\/\/www.heinzjulen.com\/de\/biography\/events\/#breadcrumb","itemListElement":[{"@type":"ListItem","position":1,"name":"Home","item":"https:\/\/www.heinzjulen.com\/de\/biography\/"},{"@type":"ListItem","position":2,"name":"Events"}]},{"@type":"WebSite","@id":"https:\/\/www.heinzjulen.com\/de\/biography\/#website","url":"https:\/\/www.heinzjulen.com\/de\/biography\/","name":"Heinz Julen - Artist, Architect &amp; Designer","description":"","potentialAction":[{"@type":"SearchAction","target":{"@type":"EntryPoint","urlTemplate":"https:\/\/www.heinzjulen.com\/de\/biography\/?s={search_term_string}"},"query-input":"required name=search_term_string"}],"inLanguage":"en-GB"}]}},"_links":{"self":[{"href":"https:\/\/www.heinzjulen.com\/de\/biography\/wp-json\/wp\/v2\/pages\/229"}],"collection":[{"href":"https:\/\/www.heinzjulen.com\/de\/biography\/wp-json\/wp\/v2\/pages"}],"about":[{"href":"https:\/\/www.heinzjulen.com\/de\/biography\/wp-json\/wp\/v2\/types\/page"}],"author":[{"embeddable":true,"href":"https:\/\/www.heinzjulen.com\/de\/biography\/wp-json\/wp\/v2\/users\/2"}],"replies":[{"embeddable":true,"href":"https:\/\/www.heinzjulen.com\/de\/biography\/wp-json\/wp\/v2\/comments?post=229"}],"version-history":[{"count":13,"href":"https:\/\/www.heinzjulen.com\/de\/biography\/wp-json\/wp\/v2\/pages\/229\/revisions"}],"predecessor-version":[{"id":418,"href":"https:\/\/www.heinzjulen.com\/de\/biography\/wp-json\/wp\/v2\/pages\/229\/revisions\/418"}],"wp:attachment":[{"href":"https:\/\/www.heinzjulen.com\/de\/biography\/wp-json\/wp\/v2\/media?parent=229"}],"curies":[{"name":"wp","href":"https:\/\/api.w.org\/{rel}","templated":true}]}}